{"id":1169,"date":"2026-03-10T19:34:27","date_gmt":"2026-03-10T19:34:27","guid":{"rendered":"https:\/\/luisbohorques.com\/?page_id=1169"},"modified":"2026-03-10T22:46:49","modified_gmt":"2026-03-10T22:46:49","slug":"politica-de-cookies","status":"publish","type":"page","link":"https:\/\/luisbohorques.com\/?page_id=1169","title":{"rendered":"Pol\u00edtica de Cookies"},"content":{"rendered":"\t\t<div data-elementor-type=\"wp-page\" data-elementor-id=\"1169\" class=\"elementor elementor-1169\">\n\t\t\t\t<div class=\"elementor-element elementor-element-110d36e6 e-flex e-con-boxed e-con e-parent\" data-id=\"110d36e6\" data-element_type=\"container\" data-e-type=\"container\">\n\t\t\t\t\t<div class=\"e-con-inner\">\n\t\t\t\t<div class=\"elementor-element elementor-element-662599dc elementor-widget elementor-widget-text-editor\" data-id=\"662599dc\" data-element_type=\"widget\" data-e-type=\"widget\" data-widget_type=\"text-editor.default\">\n\t\t\t\t\t\t\t\t\t<h2>POL\u00cdTICA DE COOKIES<\/h2>\n\n<p>El acceso a este Sitio Web puede implicar la utilizaci\u00f3n de cookies. Las cookies son peque\u00f1as cantidades de informaci\u00f3n que se almacenan en el navegador utilizado por cada Usuario para que el servidor recuerde cierta informaci\u00f3n que posteriormente y \u00fanicamente el servidor que la implement\u00f3 leer\u00e1. Las cookies facilitan la navegaci\u00f3n, la hacen m\u00e1s amigable y no da\u00f1an el dispositivo de navegaci\u00f3n.<\/p>\n\n<p>La informaci\u00f3n recabada a trav\u00e9s de las cookies puede incluir la fecha y hora de visitas al Sitio Web, las p\u00e1ginas visionadas, el tiempo que ha estado en el Sitio Web y los sitios visitados justo antes y despu\u00e9s del mismo. Ninguna cookie puede extraer informaci\u00f3n del disco duro del Usuario o robar informaci\u00f3n personal.<\/p>\n\n<h2>Cookies propias<\/h2>\n<p>Son aquellas cookies que son enviadas al ordenador o dispositivo del Usuario y gestionadas exclusivamente por <strong>Lu\u00eds Bohorques Marchori<\/strong> para el mejor funcionamiento del Sitio Web. La informaci\u00f3n que se recaba se emplea para mejorar la calidad del Sitio Web, su Contenido y la experiencia como Usuario.<\/p>\n\n<h2>Cookies de terceros<\/h2>\n<p>Son cookies utilizadas y gestionadas por entidades externas que proporcionan servicios para mejorar el Sitio Web y la experiencia del usuario (como el an\u00e1lisis estad\u00edstico de navegaci\u00f3n). La informaci\u00f3n se recopila de forma an\u00f3nima y se utiliza para detectar nuevas necesidades y ofrecer un servicio de \u00f3ptima calidad.<\/p>\n\n<h2>Cookies de redes sociales<\/h2>\n<p>El Sitio Web puede incorporar <em>plugins<\/em> de redes sociales. Los titulares de dichas redes sociales disponen de sus propias pol\u00edticas de protecci\u00f3n de datos y de cookies, siendo ellos mismos los responsables de sus propios ficheros y pr\u00e1cticas de privacidad. El Usuario puede consultar dichas pol\u00edticas en los enlaces oficiales de cada red social (Facebook, Twitter, Instagram, YouTube, Pinterest, LinkedIn).<\/p>\n\n<h2>Deshabilitar, rechazar y eliminar cookies<\/h2>\n<p>El Usuario puede deshabilitar, rechazar y eliminar las cookies \u2014total o parcialmente\u2014 instaladas en su dispositivo mediante la configuraci\u00f3n de su navegador (Chrome, Firefox, Safari, Explorer, etc.). En el supuesto de que el Usuario rechace el uso de cookies, podr\u00e1 seguir usando el Sitio Web, si bien podr\u00e1 tener limitada la utilizaci\u00f3n de algunas de las prestaciones del mismo.<\/p>\n\n<p><em>Documento actualizado a 10 de marzo de 2026.<\/em><\/p>\t\t\t\t\t\t\t\t<\/div>\n\t\t\t\t\t<\/div>\n\t\t\t\t<\/div>\n\t\t\t\t<\/div>\n\t\t","protected":false},"excerpt":{"rendered":"POL\u00cdTICA DE COOKIES El acceso a este Sitio Web puede implicar la utilizaci\u00f3n de cookies. Las cookies son peque\u00f1as cantidades de informaci\u00f3n que se almacenan en el navegador utilizado por cada Usuario para que el servidor recuerde cierta informaci\u00f3n que posteriormente y \u00fanicamente el servidor que la implement\u00f3 leer\u00e1. Las cookies facilitan la navegaci\u00f3n, la ","protected":false},"author":1,"featured_media":0,"parent":0,"menu_order":0,"comment_status":"closed","ping_status":"closed","template":"elementor_header_footer","meta":{"footnotes":""},"class_list":["post-1169","page","type-page","status-publish","hentry"],"_links":{"self":[{"href":"https:\/\/luisbohorques.com\/index.php?rest_route=\/wp\/v2\/pages\/1169","targetHints":{"allow":["GET"]}}],"collection":[{"href":"https:\/\/luisbohorques.com\/index.php?rest_route=\/wp\/v2\/pages"}],"about":[{"href":"https:\/\/luisbohorques.com\/index.php?rest_route=\/wp\/v2\/types\/page"}],"author":[{"embeddable":true,"href":"https:\/\/luisbohorques.com\/index.php?rest_route=\/wp\/v2\/users\/1"}],"replies":[{"embeddable":true,"href":"https:\/\/luisbohorques.com\/index.php?rest_route=%2Fwp%2Fv2%2Fcomments&post=1169"}],"version-history":[{"count":5,"href":"https:\/\/luisbohorques.com\/index.php?rest_route=\/wp\/v2\/pages\/1169\/revisions"}],"predecessor-version":[{"id":1470,"href":"https:\/\/luisbohorques.com\/index.php?rest_route=\/wp\/v2\/pages\/1169\/revisions\/1470"}],"wp:attachment":[{"href":"https:\/\/luisbohorques.com\/index.php?rest_route=%2Fwp%2Fv2%2Fmedia&parent=1169"}],"curies":[{"name":"wp","href":"https:\/\/api.w.org\/{rel}","templated":true}]}}