{"id":66,"date":"2021-08-29T02:58:28","date_gmt":"2021-08-29T02:58:28","guid":{"rendered":"https:\/\/wpocean.com\/wp\/canun\/?page_id=66"},"modified":"2026-03-23T18:36:11","modified_gmt":"2026-03-23T18:36:11","slug":"contacto","status":"publish","type":"page","link":"https:\/\/luisbohorques.com\/?page_id=66","title":{"rendered":"Contacto"},"content":{"rendered":"\t\t<div data-elementor-type=\"wp-page\" data-elementor-id=\"66\" class=\"elementor elementor-66\">\n\t\t\t\t\t\t<section class=\"elementor-section elementor-top-section elementor-element elementor-element-ddf7e6c elementor-section-full_width elementor-section-height-default elementor-section-height-default\" data-id=\"ddf7e6c\" data-element_type=\"section\" data-e-type=\"section\">\n\t\t\t\t\t\t<div class=\"elementor-container elementor-column-gap-no\">\n\t\t\t\t\t<div class=\"elementor-column elementor-col-100 elementor-top-column elementor-element elementor-element-7cf4d3b\" data-id=\"7cf4d3b\" data-element_type=\"column\" data-e-type=\"column\">\n\t\t\t<div class=\"elementor-widget-wrap elementor-element-populated\">\n\t\t\t\t\t\t<div class=\"elementor-element elementor-element-37723d6 elementor-widget elementor-widget-wpo-canun_cta\" data-id=\"37723d6\" data-element_type=\"widget\" data-e-type=\"widget\" data-settings=\"{&quot;cta_image&quot;:{&quot;url&quot;:&quot;https:\\\/\\\/luisbohorques.com\\\/wp-content\\\/uploads\\\/2026\\\/03\\\/bohorques-contacto-nobg.webp&quot;,&quot;id&quot;:1415,&quot;size&quot;:&quot;&quot;,&quot;alt&quot;:&quot;&quot;,&quot;source&quot;:&quot;library&quot;},&quot;cta_bg&quot;:{&quot;url&quot;:&quot;https:\\\/\\\/luisbohorques.com\\\/wp-content\\\/uploads\\\/2021\\\/09\\\/testimonial.jpg&quot;,&quot;id&quot;:371,&quot;size&quot;:&quot;&quot;,&quot;alt&quot;:&quot;&quot;,&quot;source&quot;:&quot;library&quot;}}\" data-widget_type=\"wpo-canun_cta.default\">\n\t\t\t\t<div class=\"elementor-widget-container\">\n\t\t\t\t\t\t\t<div class=\"wpo-consultancy-section section-padding\"  style=\"background-image: url( https:\/\/luisbohorques.com\/wp-content\/uploads\/2021\/09\/testimonial.jpg );\">\n\t\t\t<div class=\"container\">\n\t\t\t\t<div class=\"wpo-consultancy-section-wrapper\">\n\t\t\t\t\t<div class=\"row\">\n\t\t\t\t\t\t<div class=\"col-lg-4\">\n\t\t\t\t\t\t\t<div class=\"consult-img\">\n\t\t\t\t\t\t\t\t<img decoding=\"async\" class=\"img-responlsive\" src=\"https:\/\/luisbohorques.com\/wp-content\/uploads\/2026\/03\/bohorques-contacto-nobg.webp\" alt=\"\">\t\t\t\t\t\t\t<\/div>\n\t\t\t\t\t\t<\/div>\n\t\t\t\t\t\t<div class=\"col-lg-8 col-md-12 col-12\">\n\t\t\t\t\t\t\t<div class=\"wpo-consultancy-form-area\">\n\t\t\t\t\t\t\t\t<div class=\"wpo-section-title\">\n\t\t\t\t\t\t\t\t\t<h2>Cons\u00faltenos<\/h2><p>Quedo a su disposici\u00f3n para cualquier consulta adicional que desee realizar.<\/p>\t\t\t\t\t\t\t\t<\/div>\n\t\t\t\t\t\t\t\t<div class=\"canun-form\">\n\t\t\t\t\t\t\t\t\t\n<div class=\"wpcf7 no-js\" id=\"wpcf7-f1271-o1\" lang=\"es-ES\" dir=\"ltr\" data-wpcf7-id=\"1271\">\n<div class=\"screen-reader-response\"><p role=\"status\" aria-live=\"polite\" aria-atomic=\"true\"><\/p> <ul><\/ul><\/div>\n<form action=\"\/index.php?rest_route=%2Fwp%2Fv2%2Fpages%2F66#wpcf7-f1271-o1\" method=\"post\" class=\"wpcf7-form init\" aria-label=\"Formulario de contacto\" novalidate=\"novalidate\" data-status=\"init\">\n<fieldset class=\"hidden-fields-container\"><input type=\"hidden\" name=\"_wpcf7\" value=\"1271\" \/><input type=\"hidden\" name=\"_wpcf7_version\" value=\"6.1.5\" \/><input type=\"hidden\" name=\"_wpcf7_locale\" value=\"es_ES\" \/><input type=\"hidden\" name=\"_wpcf7_unit_tag\" value=\"wpcf7-f1271-o1\" \/><input type=\"hidden\" name=\"_wpcf7_container_post\" value=\"0\" \/><input type=\"hidden\" name=\"_wpcf7_posted_data_hash\" value=\"\" \/>\n<\/fieldset>\n<div class=\"row\">\n\t<div class=\"col-lg-6\">\n\t\t<p><label for=\"nombre\">Nombre<\/label><br \/>\n<span class=\"wpcf7-form-control-wrap\" data-name=\"text-423\"><input size=\"40\" maxlength=\"400\" class=\"wpcf7-form-control wpcf7-text wpcf7-validates-as-required form-control\" id=\"nombre\" aria-required=\"true\" aria-invalid=\"false\" placeholder=\"Tu Nombre\" value=\"\" type=\"text\" name=\"text-423\" \/><\/span>\n\t\t<\/p>\n\t<\/div>\n\t<div class=\"col-lg-6\">\n\t\t<p><label for=\"email\">Correo electr\u00f3nico<\/label><br \/>\n<span class=\"wpcf7-form-control-wrap\" data-name=\"email-419\"><input size=\"40\" maxlength=\"400\" class=\"wpcf7-form-control wpcf7-email wpcf7-validates-as-required wpcf7-text wpcf7-validates-as-email form-control\" id=\"email\" aria-required=\"true\" aria-invalid=\"false\" placeholder=\"Tu Correo electr\u00f3nico\" value=\"\" type=\"email\" name=\"email-419\" \/><\/span>\n\t\t<\/p>\n\t<\/div>\n\t<div class=\"col-lg-6\">\n\t\t<p><label for=\"telefono\">Tel\u00e9fono<\/label><br \/>\n<span class=\"wpcf7-form-control-wrap\" data-name=\"tel-570\"><input size=\"40\" maxlength=\"400\" class=\"wpcf7-form-control wpcf7-tel wpcf7-validates-as-required wpcf7-text wpcf7-validates-as-tel form-control\" id=\"telefono\" aria-required=\"true\" aria-invalid=\"false\" placeholder=\"Tu Tel\u00e9fono\" value=\"\" type=\"tel\" name=\"tel-570\" \/><\/span>\n\t\t<\/p>\n\t<\/div>\n\t<div class=\"col-lg-6\">\n\t\t<p><label for=\"especialidad\">Especialidad de inter\u00e9s<\/label><br \/>\n<span class=\"wpcf7-form-control-wrap\" data-name=\"menu-490\"><select class=\"wpcf7-form-control wpcf7-select wpcf7-validates-as-required form-control\" id=\"especialidad\" aria-required=\"true\" aria-invalid=\"false\" name=\"menu-490\"><option value=\"Especialidad de inter\u00e9s\">Especialidad de inter\u00e9s<\/option><option value=\"Administraci\u00f3n \/ Derecho Fiscal\">Administraci\u00f3n \/ Derecho Fiscal<\/option><option value=\"Derecho Civil\">Derecho Civil<\/option><option value=\"Derecho Penal\">Derecho Penal<\/option><option value=\"No estoy seguro\">No estoy seguro<\/option><\/select><\/span>\n\t\t<\/p>\n\t<\/div>\n\t<div class=\"col-lg-12\">\n\t\t<p><label for=\"asunto\">Asunto<\/label><br \/>\n<span class=\"wpcf7-form-control-wrap\" data-name=\"text-subject\"><input size=\"40\" maxlength=\"400\" class=\"wpcf7-form-control wpcf7-text wpcf7-validates-as-required form-control\" id=\"asunto\" aria-required=\"true\" aria-invalid=\"false\" placeholder=\"Asunto de la consulta\" value=\"\" type=\"text\" name=\"text-subject\" \/><\/span>\n\t\t<\/p>\n\t<\/div>\n\t<div class=\"fullwidth col-lg-12\">\n\t\t<p><label for=\"mensaje\">Mensaje<\/label><br \/>\n<span class=\"wpcf7-form-control-wrap\" data-name=\"textarea-512\"><textarea cols=\"40\" rows=\"10\" maxlength=\"2000\" class=\"wpcf7-form-control wpcf7-textarea wpcf7-validates-as-required form-control\" id=\"mensaje\" aria-required=\"true\" aria-invalid=\"false\" placeholder=\"Escribe aqu\u00ed tu consulta\" name=\"textarea-512\"><\/textarea><\/span>\n\t\t<\/p>\n\t<\/div>\n<\/div>\n<div class=\"col-lg-12\" style=\"margin-top: 15px;\">\n\t<p><span class=\"wpcf7-form-control-wrap\" data-name=\"acceptance-privacidad\"><span class=\"wpcf7-form-control wpcf7-acceptance\"><span class=\"wpcf7-list-item\"><label><input type=\"checkbox\" name=\"acceptance-privacidad\" value=\"1\" aria-invalid=\"false\" \/><span class=\"wpcf7-list-item-label\">He le\u00eddo y acepto la <a href=\"\/politica-de-privacidad\" target=\"_blank\"; text-decoration: underline;\">Pol\u00edtica de Privacidad<\/a>.<\/span><\/label><\/span><\/span><\/span>\n\t<\/p>\n<\/div>\n<div class=\"submit-area\" style=\"margin-top: 15px;\">\n\t<p><input class=\"wpcf7-form-control wpcf7-submit has-spinner theme-btn\" type=\"submit\" value=\"Solicitar una cita\" \/>\n\t<\/p>\n<\/div><div class=\"wpcf7-response-output\" aria-hidden=\"true\"><\/div>\n<\/form>\n<\/div>\n\t\t\t\t\t\t\t\t<\/div>\n\t\t\t\t\t\t\t<\/div>\n\t\t\t\t\t\t<\/div>\n\t\t\t\t\t<\/div>\n\t\t\t\t<\/div>\n\t\t\t<\/div>\n\t\t<\/div>\n\t\t\t\t<\/div>\n\t\t\t\t<\/div>\n\t\t\t\t\t<\/div>\n\t\t<\/div>\n\t\t\t\t\t<\/div>\n\t\t<\/section>\n\t\t\t\t<section class=\"elementor-section elementor-top-section elementor-element elementor-element-a0340b3 elementor-section-boxed elementor-section-height-default elementor-section-height-default\" data-id=\"a0340b3\" data-element_type=\"section\" data-e-type=\"section\">\n\t\t\t\t\t\t<div class=\"elementor-container elementor-column-gap-default\">\n\t\t\t\t\t<div class=\"elementor-column elementor-col-100 elementor-top-column elementor-element elementor-element-7794bb2\" data-id=\"7794bb2\" data-element_type=\"column\" data-e-type=\"column\">\n\t\t\t<div class=\"elementor-widget-wrap elementor-element-populated\">\n\t\t\t\t\t\t<div class=\"elementor-element elementor-element-1eadd59 elementor-widget elementor-widget-google_maps\" data-id=\"1eadd59\" data-element_type=\"widget\" data-e-type=\"widget\" data-widget_type=\"google_maps.default\">\n\t\t\t\t\t\t\t<div class=\"elementor-custom-embed\">\n\t\t\t<iframe loading=\"lazy\"\n\t\t\t\t\tsrc=\"https:\/\/maps.google.com\/maps?q=C%2F%20de%20la%20Pau%2C%2019%2C%201%C2%BA%20puerta%203&#038;t=m&#038;z=14&#038;output=embed&#038;iwloc=near\"\n\t\t\t\t\ttitle=\"C\/ de la Pau, 19, 1\u00ba puerta 3\"\n\t\t\t\t\taria-label=\"C\/ de la Pau, 19, 1\u00ba puerta 3\"\n\t\t\t><\/iframe>\n\t\t<\/div>\n\t\t\t\t\t\t<\/div>\n\t\t\t\t\t<\/div>\n\t\t<\/div>\n\t\t\t\t\t<\/div>\n\t\t<\/section>\n\t\t\t\t<\/div>\n\t\t","protected":false},"excerpt":{"rendered":"Cons\u00faltenos Quedo a su disposici\u00f3n para cualquier consulta adicional que desee realizar. Nombre Correo electr\u00f3nico Tel\u00e9fono Especialidad de inter\u00e9s Especialidad de inter\u00e9sAdministraci\u00f3n \/ Derecho FiscalDerecho CivilDerecho PenalNo estoy seguro Asunto Mensaje He le\u00eddo y acepto la","protected":false},"author":1,"featured_media":0,"parent":0,"menu_order":0,"comment_status":"closed","ping_status":"closed","template":"elementor_header_footer","meta":{"footnotes":""},"class_list":["post-66","page","type-page","status-publish","hentry"],"_links":{"self":[{"href":"https:\/\/luisbohorques.com\/index.php?rest_route=\/wp\/v2\/pages\/66","targetHints":{"allow":["GET"]}}],"collection":[{"href":"https:\/\/luisbohorques.com\/index.php?rest_route=\/wp\/v2\/pages"}],"about":[{"href":"https:\/\/luisbohorques.com\/index.php?rest_route=\/wp\/v2\/types\/page"}],"author":[{"embeddable":true,"href":"https:\/\/luisbohorques.com\/index.php?rest_route=\/wp\/v2\/users\/1"}],"replies":[{"embeddable":true,"href":"https:\/\/luisbohorques.com\/index.php?rest_route=%2Fwp%2Fv2%2Fcomments&post=66"}],"version-history":[{"count":28,"href":"https:\/\/luisbohorques.com\/index.php?rest_route=\/wp\/v2\/pages\/66\/revisions"}],"predecessor-version":[{"id":1454,"href":"https:\/\/luisbohorques.com\/index.php?rest_route=\/wp\/v2\/pages\/66\/revisions\/1454"}],"wp:attachment":[{"href":"https:\/\/luisbohorques.com\/index.php?rest_route=%2Fwp%2Fv2%2Fmedia&parent=66"}],"curies":[{"name":"wp","href":"https:\/\/api.w.org\/{rel}","templated":true}]}}