{"id":70,"date":"2021-08-29T02:59:41","date_gmt":"2021-08-29T02:59:41","guid":{"rendered":"https:\/\/wpocean.com\/wp\/canun\/?page_id=70"},"modified":"2026-03-24T14:02:22","modified_gmt":"2026-03-24T14:02:22","slug":"servicios","status":"publish","type":"page","link":"https:\/\/luisbohorques.com\/?page_id=70","title":{"rendered":"Servicios"},"content":{"rendered":"\t\t<div data-elementor-type=\"wp-page\" data-elementor-id=\"70\" class=\"elementor elementor-70\">\n\t\t\t\t\t\t<section class=\"elementor-section elementor-top-section elementor-element elementor-element-f2a0f1d elementor-section-full_width elementor-section-height-default elementor-section-height-default\" data-id=\"f2a0f1d\" data-element_type=\"section\" data-e-type=\"section\">\n\t\t\t\t\t\t<div class=\"elementor-container elementor-column-gap-no\">\n\t\t\t\t\t<div class=\"elementor-column elementor-col-100 elementor-top-column elementor-element elementor-element-1a20ba8\" data-id=\"1a20ba8\" data-element_type=\"column\" data-e-type=\"column\">\n\t\t\t<div class=\"elementor-widget-wrap elementor-element-populated\">\n\t\t\t\t\t\t<div class=\"elementor-element elementor-element-b81414a elementor-widget elementor-widget-wpo-canun_title\" data-id=\"b81414a\" data-element_type=\"widget\" data-e-type=\"widget\" data-widget_type=\"wpo-canun_title.default\">\n\t\t\t\t<div class=\"elementor-widget-container\">\n\t\t\t\t\t\t\t<div class=\"wpo-section-area\">\n\t\t\t<div class=\"container\">\n\t\t\t\t<div class=\"row align-items-center\">\n\t\t\t\t\t<div class=\"col-lg-5\">\n\t\t\t\t\t\t<div class=\"wpo-section-title\">\n\t\t\t\t\t\t\t<h2>\u00c1reas de Especializaci\u00f3n<\/h2>\t\t\t\t\t\t<\/div>\n\t\t\t\t\t<\/div>\n\t\t\t\t\t<div class=\"col-lg-5 offset-lg-2\">\n\t\t\t\t\t\t<div class=\"wpo-section-title\">\n\t\t\t\t\t\t\t<p>Nuestro compromiso es la protecci\u00f3n de sus intereses, ofreciendo una defensa firme y estrat\u00e9gica tanto para personas f\u00edsicas como jur\u00eddicas, ya sea en sede judicial o mediante resoluciones extrajudiciales.<\/p>\t\t\t\t\t\t<\/div>\n\t\t\t\t\t<\/div>\n\t\t\t\t<\/div>\n\t\t\t<\/div>\n\t\t<\/div>\n\t\t\t\t<\/div>\n\t\t\t\t<\/div>\n\t\t\t\t<div class=\"elementor-element elementor-element-12b9e36 elementor-widget elementor-widget-wpo-canun_service\" data-id=\"12b9e36\" data-element_type=\"widget\" data-e-type=\"widget\" data-widget_type=\"wpo-canun_service.default\">\n\t\t\t\t<div class=\"elementor-widget-container\">\n\t\t\t\t\t\n\t\t\t<div class=\"wpo-service-section\">\n\t\t\t\t<div class=\"container\">\n\t\t\t\t\t<div class=\"row align-items-center\">\n\t\t\t\t\t\t\t\t\t\t\t\t\t<div class=\"col col-lg-4 col-12 service-thumbs\">\n\t\t\t\t\t\t\t\t<div class=\"service-thumbs-outer\">\n\t\t\t\t\t\t\t\t\t\t\t\t\t\t\t\t\t\t\t<div class=\"service-thumb active-thumb\" data-case=\"#service-1\">\n\t\t\t\t\t\t\t\t\t\t\t<p>Derecho Administrativo \/ Fiscal<\/p>\n\t\t\t\t\t\t\t\t\t\t\t<span class=\"number\">01<\/span>\n\t\t\t\t\t\t\t\t\t\t<\/div>\n\t\t\t\t\t\t\t\t\t\t\t\t\t\t\t\t\t\t\t<div class=\"service-thumb dont-active-thumb\" data-case=\"#service-2\">\n\t\t\t\t\t\t\t\t\t\t\t<p>Derecho Civil<\/p>\n\t\t\t\t\t\t\t\t\t\t\t<span class=\"number\">02<\/span>\n\t\t\t\t\t\t\t\t\t\t<\/div>\n\t\t\t\t\t\t\t\t\t\t\t\t\t\t\t\t\t\t\t<div class=\"service-thumb dont-active-thumb\" data-case=\"#service-3\">\n\t\t\t\t\t\t\t\t\t\t\t<p>Derecho Penal<\/p>\n\t\t\t\t\t\t\t\t\t\t\t<span class=\"number\">03<\/span>\n\t\t\t\t\t\t\t\t\t\t<\/div>\n\t\t\t\t\t\t\t\t\t\t\t\t\t\t\t\t\t<\/div>\n\t\t\t\t\t\t\t<\/div>\n\t\t\t\t\t\t\t\t\t\t\t\t\t<div class=\"col col-lg-8 col-12 service-content\">\n\t\t\t\t\t\t\t\t<div class=\"service-content-outer\">\n\t\t\t\t\t\t\t\t\t\t\t\t\t\t\t\t\t\t\t<div class=\"service-data active-service-data\" id=\"service-1\">\n\t\t\t\t\t\t\t\t\t\t\t<div class=\"service-data-img\">\n\t\t\t\t\t\t\t\t\t\t\t\t<img decoding=\"async\" src=\"https:\/\/luisbohorques.com\/wp-content\/uploads\/2026\/03\/servicio-fiscal-tab.webp\" alt=\"\">\t\t\t\t\t\t\t\t\t\t\t\t<div class=\"service-data-text\">\n\t\t\t\t\t\t\t\t\t\t\t\t\t<h3>\n\t\t\t\t\t\t\t\t\t\t\t\t\t\t<a href=\"https:\/\/luisbohorques.com\/?service=derecho-administrativo-fiscal\">\n\t\t\t\t\t\t\t\t\t\t\t\t\t\t\tDerecho Administrativo \/ Fiscal\t\t\t\t\t\t\t\t\t\t\t\t\t\t<\/a>\n\t\t\t\t\t\t\t\t\t\t\t\t\t<\/h3>\n\t\t\t\t\t\t\t\t\t\t\t\t\t<p>Ofrecemos un asesoramiento integral a personas f\u00edsicas en el complejo \u00e1mbito del Derecho Administrativo y la fiscalidad. Nuestra gesti\u00f3n optimiza estrat\u00e9gicamente su carga tributaria y garantiza la defensa t\u00e9cnica ante cualquier organismo p\u00fablico, asegurando siempre el cumplimiento normativo y la m\u00e1xima eficiencia financiera. \u00bfQu\u00e9 hacemos? <\/p>\n\t\t\t\t\t\t\t\t\t\t\t\t\t<a href=\"https:\/\/luisbohorques.com\/?service=derecho-administrativo-fiscal\">Leer m\u00e1s<\/a>\t\t\t\t\t\t\t\t\t\t\t\t<\/div>\n\t\t\t\t\t\t\t\t\t\t\t<\/div>\n\t\t\t\t\t\t\t\t\t\t<\/div>\n\t\t\t\t\t\t\t\t\t\t\t\t\t\t\t\t\t\t\t<div class=\"service-data dont-active-service-data\" id=\"service-2\">\n\t\t\t\t\t\t\t\t\t\t\t<div class=\"service-data-img\">\n\t\t\t\t\t\t\t\t\t\t\t\t<img decoding=\"async\" src=\"https:\/\/luisbohorques.com\/wp-content\/uploads\/2026\/03\/servicio-civil-tab.webp\" alt=\"\">\t\t\t\t\t\t\t\t\t\t\t\t<div class=\"service-data-text\">\n\t\t\t\t\t\t\t\t\t\t\t\t\t<h3>\n\t\t\t\t\t\t\t\t\t\t\t\t\t\t<a href=\"https:\/\/luisbohorques.com\/?service=derecho-civil\">\n\t\t\t\t\t\t\t\t\t\t\t\t\t\t\tDerecho Civil\t\t\t\t\t\t\t\t\t\t\t\t\t\t<\/a>\n\t\t\t\t\t\t\t\t\t\t\t\t\t<\/h3>\n\t\t\t\t\t\t\t\t\t\t\t\t\t<p>Proporcionamos una defensa integral y estrat\u00e9gica a personas f\u00edsicas y jur\u00eddicas en las materias que abarca el Derecho Civil. Nuestra experiencia se extiende a la resoluci\u00f3n extrajudicial de conflictos y la representaci\u00f3n t\u00e9cnica en juicios sobre herencias, particiones, liquidaci\u00f3n de bienes, arrendamientos y asuntos inmobiliarios. <\/p>\n\t\t\t\t\t\t\t\t\t\t\t\t\t<a href=\"https:\/\/luisbohorques.com\/?service=derecho-civil\">Leer m\u00e1s<\/a>\t\t\t\t\t\t\t\t\t\t\t\t<\/div>\n\t\t\t\t\t\t\t\t\t\t\t<\/div>\n\t\t\t\t\t\t\t\t\t\t<\/div>\n\t\t\t\t\t\t\t\t\t\t\t\t\t\t\t\t\t\t\t<div class=\"service-data dont-active-service-data\" id=\"service-3\">\n\t\t\t\t\t\t\t\t\t\t\t<div class=\"service-data-img\">\n\t\t\t\t\t\t\t\t\t\t\t\t<img decoding=\"async\" src=\"https:\/\/luisbohorques.com\/wp-content\/uploads\/2026\/03\/servicio-penal-tab.webp\" alt=\"\">\t\t\t\t\t\t\t\t\t\t\t\t<div class=\"service-data-text\">\n\t\t\t\t\t\t\t\t\t\t\t\t\t<h3>\n\t\t\t\t\t\t\t\t\t\t\t\t\t\t<a href=\"https:\/\/luisbohorques.com\/?service=derecho-penal\">\n\t\t\t\t\t\t\t\t\t\t\t\t\t\t\tDerecho Penal\t\t\t\t\t\t\t\t\t\t\t\t\t\t<\/a>\n\t\t\t\t\t\t\t\t\t\t\t\t\t<\/h3>\n\t\t\t\t\t\t\t\t\t\t\t\t\t<p>Proporcionamos una defensa penal especializada para garantizar la protecci\u00f3n de sus derechos y libertades ante cualquier imputaci\u00f3n delictiva. Nuestra asistencia t\u00e9cnica es inmediata y profesional, cubriendo todas las fases desde la comisar\u00eda hasta el tribunal, incluyendo seguridad vial, accidentes de tr\u00e1fico, alcoholemias y otros delitos. <\/p>\n\t\t\t\t\t\t\t\t\t\t\t\t\t<a href=\"https:\/\/luisbohorques.com\/?service=derecho-penal\">Leer m\u00e1s<\/a>\t\t\t\t\t\t\t\t\t\t\t\t<\/div>\n\t\t\t\t\t\t\t\t\t\t\t<\/div>\n\t\t\t\t\t\t\t\t\t\t<\/div>\n\t\t\t\t\t\t\t\t\t<\/div><\/div>\t\t\t\t\t\t\t\t<\/div>\n\t\t\t\t\t\t\t<\/div>\n\t\t\t\t\t<\/div>\n\t\t\t\t\t\t<\/div>\n\t\t\t\t<\/div>\n\t\t\t\t\t<\/div>\n\t\t<\/div>\n\t\t\t\t\t<\/div>\n\t\t<\/section>\n\t\t\t\t<\/div>\n\t\t","protected":false},"excerpt":{"rendered":"\u00c1reas de Especializaci\u00f3n Nuestro compromiso es la protecci\u00f3n de sus intereses, ofreciendo una defensa firme y estrat\u00e9gica tanto para personas f\u00edsicas como jur\u00eddicas, ya sea en sede judicial o mediante resoluciones extrajudiciales. Derecho Administrativo \/ Fiscal 01 Derecho Civil 02 Education Law 03 Derecho Administrativo \/ Fiscal Ofrecemos un asesoramiento integral a personas f\u00edsicas en ","protected":false},"author":1,"featured_media":0,"parent":0,"menu_order":0,"comment_status":"closed","ping_status":"closed","template":"elementor_header_footer","meta":{"footnotes":""},"class_list":["post-70","page","type-page","status-publish","hentry"],"_links":{"self":[{"href":"https:\/\/luisbohorques.com\/index.php?rest_route=\/wp\/v2\/pages\/70","targetHints":{"allow":["GET"]}}],"collection":[{"href":"https:\/\/luisbohorques.com\/index.php?rest_route=\/wp\/v2\/pages"}],"about":[{"href":"https:\/\/luisbohorques.com\/index.php?rest_route=\/wp\/v2\/types\/page"}],"author":[{"embeddable":true,"href":"https:\/\/luisbohorques.com\/index.php?rest_route=\/wp\/v2\/users\/1"}],"replies":[{"embeddable":true,"href":"https:\/\/luisbohorques.com\/index.php?rest_route=%2Fwp%2Fv2%2Fcomments&post=70"}],"version-history":[{"count":26,"href":"https:\/\/luisbohorques.com\/index.php?rest_route=\/wp\/v2\/pages\/70\/revisions"}],"predecessor-version":[{"id":1473,"href":"https:\/\/luisbohorques.com\/index.php?rest_route=\/wp\/v2\/pages\/70\/revisions\/1473"}],"wp:attachment":[{"href":"https:\/\/luisbohorques.com\/index.php?rest_route=%2Fwp%2Fv2%2Fmedia&parent=70"}],"curies":[{"name":"wp","href":"https:\/\/api.w.org\/{rel}","templated":true}]}}